{"id":1026,"date":"2020-02-27T19:03:47","date_gmt":"2020-02-27T19:03:47","guid":{"rendered":"http:\/\/kees-gallery.com\/?page_id=1026"},"modified":"2020-05-12T22:49:42","modified_gmt":"2020-05-12T22:49:42","slug":"projektablauf","status":"publish","type":"page","link":"https:\/\/kees-gallery.com\/?page_id=1026","title":{"rendered":"Projektablauf"},"content":{"rendered":"\n<div style=\"height:20px\" aria-hidden=\"true\" class=\"wp-block-spacer\"><\/div>\n\n\n\n<div class=\"wp-block-image\"><figure class=\"aligncenter size-full\"><img loading=\"lazy\" decoding=\"async\" width=\"2200\" height=\"499\" src=\"https:\/\/kees-gallery.com\/wp-content\/uploads\/2020\/02\/SPEC2-Banner-3-1.jpg\" alt=\"\" class=\"wp-image-1055\" srcset=\"https:\/\/kees-gallery.com\/wp-content\/uploads\/2020\/02\/SPEC2-Banner-3-1.jpg 2200w, https:\/\/kees-gallery.com\/wp-content\/uploads\/2020\/02\/SPEC2-Banner-3-1-300x68.jpg 300w, https:\/\/kees-gallery.com\/wp-content\/uploads\/2020\/02\/SPEC2-Banner-3-1-700x159.jpg 700w, https:\/\/kees-gallery.com\/wp-content\/uploads\/2020\/02\/SPEC2-Banner-3-1-768x174.jpg 768w, https:\/\/kees-gallery.com\/wp-content\/uploads\/2020\/02\/SPEC2-Banner-3-1-1536x348.jpg 1536w, https:\/\/kees-gallery.com\/wp-content\/uploads\/2020\/02\/SPEC2-Banner-3-1-2048x465.jpg 2048w\" sizes=\"(max-width: 2200px) 100vw, 2200px\" \/><\/figure><\/div>\n\n\n\n<div style=\"height:20px\" aria-hidden=\"true\" class=\"wp-block-spacer\"><\/div>\n\n\n<h4>PROJEKTABLAUF<\/h4>\n<p>Der Kauf bzw. die Abrechnung gestaltet sich grundlegend nach einem festgelegtem Schema, das in Teilen aus der HOAI (Honorarordnung f\u00fcr Architekten und Ingenieure) abgeleitet ist. Dieses eignet sich gut um kleinere Bauprojekte, wie z.B. auch individuelle M\u00f6belst\u00fccke, zu steuern und abzurechnen. Durch festgelegte Abl\u00e4ufe und vorbereitete Dokumente werden die einzelnen Phasen bis zur Fertigung schnell abgearbeitet. Alle projektbezogenen Dokumente besitzen K\u00fcrzel bzw. Nummerierungen zur Orientierung in den einzelnen Projektphasen (P00-P80). Die Abrechnung erfolgt \u00fcber die vorgegebenen Projektphasen.<\/p>\n<p>F\u00fcr ein durchschnittliches Projekt sind 8 Wochen veranschlagt (2 Wochen Planung, 6 Wochen Fertigung). <br \/>Es finden planm\u00e4\u00dfig 3 Termine mit dem Kunden statt (P00, P20 und P70).\u00a0<\/p>\n<p>Die folgende Liste zeigt chronologisch an, welche Arbeitsschritte in den Projektphasen erfolgen:<\/p>\n\n\n<div style=\"height:30px\" aria-hidden=\"true\" class=\"wp-block-spacer\"><\/div>\n\n\n\n<div class=\"wp-block-columns is-layout-flex wp-container-core-columns-is-layout-1 wp-block-columns-is-layout-flex\">\n<div class=\"wp-block-column is-layout-flow wp-block-column-is-layout-flow\">\n<p>PHASE 0 &#8211; ERSTER KONTAKT<br>&nbsp;&nbsp;&nbsp;&nbsp;&nbsp; P00 Erste Besprechung mit dem Kunden<br>&nbsp;&nbsp;&nbsp;&nbsp;&nbsp; P01 Datenschutzvereinbarung und Kundendaten<br>&nbsp;&nbsp;&nbsp;&nbsp;&nbsp; P02 (1.) Festlegung der Konfiguration<br>&nbsp;&nbsp;&nbsp;&nbsp;&nbsp; P03 Standortpr\u00fcfung (Statik und Transportweg)<br>&nbsp;&nbsp;&nbsp;&nbsp;&nbsp; P04 Terminfestlegungen<br>&nbsp;&nbsp;&nbsp;&nbsp;&nbsp; P05 Kostenrahmen<br>&nbsp;&nbsp;&nbsp;&nbsp;&nbsp; P06 Kauf- und Werkvertrag<\/p>\n<p>PHASE 1 &#8211; ENTWURF<br>&nbsp; &nbsp; &nbsp; P10 CAD-Entwurfsplanung<br>&nbsp;&nbsp;&nbsp;&nbsp;&nbsp; P11 Kostensch\u00e4tzung<br>&nbsp;&nbsp;&nbsp;&nbsp;&nbsp; P12 Anzahlungsrechnung (20%)<\/p>\n<p>PHASE 2 &#8211; ENTWURFSABSTIMMUNG<br>&nbsp;&nbsp;&nbsp;&nbsp;&nbsp; P20 Abstimmung und (2.) Festlegung der Konfiguration<br>&nbsp;&nbsp;&nbsp;&nbsp;&nbsp; P21 CAD-Ausf\u00fchrungsplanung<br>&nbsp;&nbsp;&nbsp;&nbsp;&nbsp; P22 Massen- und Mengenberechnung<\/p>\n<p>PHASE 3 &#8211; ANGEBOTSABSTIMMUNG<br>&nbsp;&nbsp;&nbsp;&nbsp;&nbsp; P30 Anfragen und Angebote <br>&nbsp;&nbsp;&nbsp;&nbsp;&nbsp; P31 Angebotspr\u00fcfung<br>&nbsp;&nbsp;&nbsp;&nbsp;&nbsp; P32 Kostenberechnung <br>&nbsp;&nbsp;&nbsp;&nbsp;&nbsp; P33 Abschlagsrechnung (60%)<\/p>\n<\/div>\n\n\n\n<div class=\"wp-block-column is-layout-flow wp-block-column-is-layout-flow\">\n<p>PHASE 4 &#8211; BEAUFTRAGUNG DER FERTIGUNG<br>&nbsp;&nbsp;&nbsp;&nbsp;&nbsp; P40 Beauftragung Fachfirmen<\/p>\n<p>PHASE 5 &#8211; PRODUKTION UND BAULEITUNG<br>&nbsp; &nbsp; &nbsp; P50 Dokumentation der Fertigung<br>&nbsp;&nbsp;&nbsp;&nbsp;&nbsp; P51 Baubesprechungen<br>&nbsp;&nbsp;&nbsp;&nbsp;&nbsp; P52 Abnahmen<br>&nbsp;&nbsp;&nbsp;&nbsp;&nbsp; P53 Zusammenfassung<br>&nbsp;&nbsp;&nbsp;&nbsp;&nbsp; P54 Zertifikat<\/p>\n<p>PHASE 6 &#8211; ABRECHNUNG<br>&nbsp;&nbsp;&nbsp;&nbsp;&nbsp; P60 Rechnungen und Nachtr\u00e4ge<br>&nbsp;&nbsp;&nbsp;&nbsp;&nbsp; P61 Rechnungspr\u00fcfung<br>&nbsp;&nbsp;&nbsp;&nbsp;&nbsp; P62 Kostenabrechnung<br>&nbsp;&nbsp;&nbsp;&nbsp;&nbsp; P63 Schlussrechnung (100%)<\/p>\n<p>PHASE 7 &#8211; \u00dcBERGABE<br>&nbsp;&nbsp;&nbsp;&nbsp;&nbsp; P70 Objekt\u00fcbergabe (Lieferung und Abnahme)<\/p>\n<p>PHASE 8 &#8211; BETREUUNG<br>&nbsp; &nbsp; &nbsp; P80 Objektbetreuung<\/p>\n<\/div>\n<\/div>\n\n\n\n<div style=\"height:30px\" aria-hidden=\"true\" class=\"wp-block-spacer\"><\/div>\n\n\n\n<hr class=\"wp-block-separator is-style-wide\"\/>\n\n\n\n<div style=\"height:30px\" aria-hidden=\"true\" class=\"wp-block-spacer\"><\/div>\n\n\n<h4>KOSTENERMITTLUNG UND ABRECHNUNG<\/h4>\n<p>Die Anzahlungsrechnung (P12) wird mit 20% der zum jeweiligen Zeitpunkt ermittelten Gesamtkosten veranschlagt, die Abschlagsrechnung (P33) mit 60% und die Schlussrechnung (P63) mit 100%.<br>Basierend auf der Kostenscha\u0308tzung (P11), der Kostenberechnung (P32) und der Kostenabrechnung (P62), dient diese 3-phasige Kostenermittlung in erster Linie der projektbezogenen Liquidita\u0308t.<\/p>\n<p>In der Kostenscha\u0308tzung werden die Kosten zuna\u0308chst an einer vorhandenen Preismatrix, basierend auf Kostenkennwerten, bereits vorliegenden Angeboten und Werkvertra\u0308gen gescha\u0308tzt. Daraufhin wird die Anzahlungsrechnung (20%) gestellt.<\/p>\n<p>In der Kostenberechnung liegen der Kalkulation die projektspezifisch eingeholten Angebote zu Grunde. Daraufhin wird die Abschlagsrechnung (60%) gestellt, damit die Produktion anlaufen kann.<br>Die Anzahlungsrechnung dient ausschlie\u00dflich dazu die eigenen (Planungs-) Kosten zu tragen, alle Beauftragungen erfolgen erst nach Erhalt der Zahlung der Abschlagsrechnung.<\/p>\n<p>In der Kostenabrechnung und der dazu geho\u0308renden Schlussrechnung (100%) werden abschlie\u00dfend alle Kosten zusammengetragen.<\/p>\n<p>Abweichungen und Schwankungen des Gesamtpreises bzw. Kostenanpassungen sind in den einzelnen Stufen der Kostenermittlung unvermeidlich, da sich die Objekte und die damit verbundenen tatsa\u0308chlichen Kosten fu\u0308r den Bau individuell gestalten.<\/p>\n\n\n<div style=\"height:30px\" aria-hidden=\"true\" class=\"wp-block-spacer\"><\/div>\n\n\n\n<hr class=\"wp-block-separator is-style-wide\"\/>\n\n\n\n<div style=\"height:30px\" aria-hidden=\"true\" class=\"wp-block-spacer\"><\/div>\n\n\n<h5>P00-06 Erste Besprechung mit dem Kunden<\/h5>\n<p>Der erste Kontakt dient haupts\u00e4chlich der Pr\u00e4sentation und der Kl\u00e4rung des Kundenbedarfs. Die Situation und der Entwurf werden besprochen, auf die W\u00fcnsche des Kunden und den Standort eingegangen und individuell beratend die Konfiguration festgelegt (P02 und P03). Anschlie\u00dfend werden die notwendigen Kundendaten eingeholt (P01) und Ablauf, Abrechnung und der gesetzliche Rahmen erkl\u00e4rt (P00, Datenschutzvereinbarung, Abwicklung Kauf- und Werkvertrag). Danach werden die wichtigsten Termine (P04) und der Kostenrahmen (P05) gekl\u00e4rt und auf dieser Basis ein Kauf- bzw. Werkvertrag (P06) geschlossen.<\/p>\n<p><\/p>\n<h5>P10-22 Entwurf und Entwurfsabstimmung<\/h5>\n<p>Mit der sich aus Phase 0 ergebenen Konfiguration wird nun in ein Entwurf mittels CAD-Planung (ggf. 3D-Rendering) erarbeitet (P10) und eine darauf basierende Kostensch\u00e4tzung (P11) angefertigt. Anschlie\u00dfend wird auf Grundlage der Kostensch\u00e4tzung eine Anzahlungsrechnung (P12) in H\u00f6he von 20% des veranschlagten Gesamtpreises gestellt.<br>In Phase 2 erfolgt die Abstimmung des Entwurfs mit dem Kunden. Falls \u00c4nderungen erforderlich sind, k\u00f6nnen die nach diesem zweiten Termin (P20) eingearbeitet werden. Daraufhin wird der Entwurf bzw. die Konfiguration festgesetzt und zur Ausf\u00fchrung freigegeben. In der darauf folgenden Ausf\u00fchrungsplanung (P21) wird das notwendige Planmaterial (Grundrisse, Schnitte, Details) f\u00fcr die Fertigung erstellt. Bei gr\u00f6\u00dferen Projekten kann bei Bedarf auch eine Massen- und Mengenberechnung (P22) generiert werden.<\/p>\n<p><\/p>\n<h5>P30-40 Angebote und Beauftragung<\/h5>\n<p>In Phase 3 des Projekts werden zun\u00e4chst Angebote zur Fertigung eingeholt (P30). <br>Durch ein bestehendes und st\u00e4ndig weiter gef\u00fchrtes Netzwerk von Tischlern und Metallbauern (Firmenliste) lassen sich mehrere Angebote zum Vergleich heranziehen. Nach der Angebotspr\u00fcfung (P31) erfolgt auf Basis der gew\u00e4hlte Angebote die Kostenberechnung (P32). Wie auch bei der Anzahlungsrechnung und der dazu geh\u00f6rigen Kostensch\u00e4tzung (P11 und P12) wird auf der Grundlage der Kostenberechnung die Abschlagsrechnung (P32 und P33) erstellt. Diese wird mit einem Abschlag i.H.v 60% des in der Kostenberechnung ermittelten Gesamtpreises veranschlagt, d.h. dass zu diesem Zeitpunkt ca. 40% abz\u00fcglich der 20% aus der Anzahlung gezahlt werden.<br>Nach Erhalt der Abschlagsrechnung werden in Phase 4 die ausf\u00fchrenden Fachfirmen beauftragt (P40) und die Produktion kann beginnen.<\/p>\n<p><\/p>\n<h5>P50-54 Produktion und Bauleitung<\/h5>\n<p>In Phase 5 geht es haupts\u00e4chlich um die externe Fertigung und die damit einhergehende Bauoberleitung des Projekts. Im Detail besteht diese aus Baubesprechungen (P51) und Abnahmen der einzelnen Leistungen (P52) plus eventuelle M\u00e4ngelbeseitigung. <br>Die fortlaufende Foto-Dokumentation der Fertigung (P50) und die Zusammenfassung der Dokumente und Pl\u00e4ne (P53) bilden die Basis f\u00fcr das Zertifikat (P54). Dieses beinhaltet Nachweise der ausf\u00fchrenden Betriebe (Meisterbetrieb Handwerk), sowie Nachweise der verwendeten Materialen (Zertifizierte Materialqualit\u00e4t). Auf Wunsch kann auch eine ausgearbeitete Zusammenfassung des Projekts angefertigt werden (inkl. Zusammenstellung der Planunterlagen und Dokumente, Dokumentation der Produktion und kommentiertem Bildmaterial).<\/p>\n<p><\/p>\n<h5>P60-63 Abrechnung<\/h5>\n<p>Nachdem alle Rechnungen und eventuelle Nachtr\u00e4ge der ausf\u00fchrenden Betriebe \u00fcbermittelt wurden (P60), werden diese gepr\u00fcft (P61) und in der Kostenabrechnung (P62) zusammengefasst. Die Kostenabrechnung ist die Grundlage f\u00fcr die erhobenen Kosten in der Schlussrechnung (P63).<\/p>\n<p><\/p>\n<h5>P70-80 Objekt\u00fcbergabe und -betreuung<\/h5>\n<p>Die Lieferung der Objekte wird ebenfalls durch ein externes Unternehmen ausgef\u00fchrt. <br>F\u00fcr den sicheren Transport hin zum zuk\u00fcnftigen Standort sind durch ein enormes Gewicht und ausladende Dimensionen mindestens 2 bis 3 Personen notwendig. Des Weiteren muss vor Ort eine Endmontage vollzogen und gegebenenfalls eine Bepflanzung oder \u00e4hnliches hergerichtet werden. Zuletzt wird die Abnahme durch den Kunden mit einer Unterschrift best\u00e4tigt (P70). Nachbereitend ist bei gr\u00f6\u00dferen Projekten auch eine Objektbetreuung (P80) m\u00f6glich (Instandhaltung und Pflege).<\/p>\n\n\n<div style=\"height:100px\" aria-hidden=\"true\" class=\"wp-block-spacer\"><\/div>\n","protected":false},"excerpt":{"rendered":"<p>PROJEKTABLAUF Der Kauf bzw. die Abrechnung gestaltet sich grundlegend nach einem festgelegtem Schema, das in Teilen aus der HOAI (Honorarordnung f\u00fcr Architekten und Ingenieure) abgeleitet ist. Dieses eignet sich gut um kleinere Bauprojekte, wie z.B. auch individuelle M\u00f6belst\u00fccke, zu steuern und abzurechnen. Durch festgelegte Abl\u00e4ufe und vorbereitete Dokumente werden die einzelnen Phasen bis zur Fertigung [&hellip;]<\/p>\n","protected":false},"author":1,"featured_media":0,"parent":0,"menu_order":0,"comment_status":"closed","ping_status":"closed","template":"","meta":{"_exactmetrics_skip_tracking":false,"_exactmetrics_sitenote_active":false,"_exactmetrics_sitenote_note":"","_exactmetrics_sitenote_category":0,"site-sidebar-layout":"default","site-content-layout":"default","ast-site-content-layout":"","site-content-style":"default","site-sidebar-style":"default","ast-global-header-display":"","ast-banner-title-visibility":"","ast-main-header-display":"","ast-hfb-above-header-display":"","ast-hfb-below-header-display":"","ast-hfb-mobile-header-display":"","site-post-title":"disabled","ast-breadcrumbs-content":"","ast-featured-img":"","footer-sml-layout":"","theme-transparent-header-meta":"default","adv-header-id-meta":"","stick-header-meta":"","header-above-stick-meta":"","header-main-stick-meta":"","header-below-stick-meta":"","astra-migrate-meta-layouts":"default","ast-page-background-enabled":"default","ast-page-background-meta":{"desktop":{"background-color":"var(--ast-global-color-4)","background-image":"","background-repeat":"repeat","background-position":"center center","background-size":"auto","background-attachment":"scroll","background-type":"","background-media":"","overlay-type":"","overlay-color":"","overlay-opacity":"","overlay-gradient":""},"tablet":{"background-color":"","background-image":"","background-repeat":"repeat","background-position":"center center","background-size":"auto","background-attachment":"scroll","background-type":"","background-media":"","overlay-type":"","overlay-color":"","overlay-opacity":"","overlay-gradient":""},"mobile":{"background-color":"","background-image":"","background-repeat":"repeat","background-position":"center center","background-size":"auto","background-attachment":"scroll","background-type":"","background-media":"","overlay-type":"","overlay-color":"","overlay-opacity":"","overlay-gradient":""}},"ast-content-background-meta":{"desktop":{"background-color":"var(--ast-global-color-5)","background-image":"","background-repeat":"repeat","background-position":"center center","background-size":"auto","background-attachment":"scroll","background-type":"","background-media":"","overlay-type":"","overlay-color":"","overlay-opacity":"","overlay-gradient":""},"tablet":{"background-color":"var(--ast-global-color-5)","background-image":"","background-repeat":"repeat","background-position":"center center","background-size":"auto","background-attachment":"scroll","background-type":"","background-media":"","overlay-type":"","overlay-color":"","overlay-opacity":"","overlay-gradient":""},"mobile":{"background-color":"var(--ast-global-color-5)","background-image":"","background-repeat":"repeat","background-position":"center center","background-size":"auto","background-attachment":"scroll","background-type":"","background-media":"","overlay-type":"","overlay-color":"","overlay-opacity":"","overlay-gradient":""}},"footnotes":""},"class_list":["post-1026","page","type-page","status-publish","hentry"],"_links":{"self":[{"href":"https:\/\/kees-gallery.com\/index.php?rest_route=\/wp\/v2\/pages\/1026"}],"collection":[{"href":"https:\/\/kees-gallery.com\/index.php?rest_route=\/wp\/v2\/pages"}],"about":[{"href":"https:\/\/kees-gallery.com\/index.php?rest_route=\/wp\/v2\/types\/page"}],"author":[{"embeddable":true,"href":"https:\/\/kees-gallery.com\/index.php?rest_route=\/wp\/v2\/users\/1"}],"replies":[{"embeddable":true,"href":"https:\/\/kees-gallery.com\/index.php?rest_route=%2Fwp%2Fv2%2Fcomments&post=1026"}],"version-history":[{"count":18,"href":"https:\/\/kees-gallery.com\/index.php?rest_route=\/wp\/v2\/pages\/1026\/revisions"}],"predecessor-version":[{"id":1162,"href":"https:\/\/kees-gallery.com\/index.php?rest_route=\/wp\/v2\/pages\/1026\/revisions\/1162"}],"wp:attachment":[{"href":"https:\/\/kees-gallery.com\/index.php?rest_route=%2Fwp%2Fv2%2Fmedia&parent=1026"}],"curies":[{"name":"wp","href":"https:\/\/api.w.org\/{rel}","templated":true}]}}